{"id":63,"date":"2014-10-02T11:11:50","date_gmt":"2014-10-02T11:11:50","guid":{"rendered":"https:\/\/www.pfeifer-protocol.com\/the-protocol-2\/"},"modified":"2021-08-23T13:18:13","modified_gmt":"2021-08-23T12:18:13","slug":"integrative-oncology","status":"publish","type":"page","link":"https:\/\/www.pfeifer-protocol.com\/de\/integrative-oncology\/","title":{"rendered":"Integrative Onkologie"},"content":{"rendered":"<p><span style=\"font-weight: 400;\">Die Integrative Onkologie ist ein ganzheitliches medizinisches Konzept zur Behandlung von Krebserkrankungen, das konventionelle und evidenzbasierte Komplement\u00e4rtherapien kombiniert. Ziel dieses integrativen Ansatzes ist es, die Nebenwirkungen toxischer Behandlungen zu reduzieren, die Lebensqualit\u00e4t zu verbessern und die Lebenserwartung eines Krebspatienten zu verl\u00e4ngern. Dar\u00fcber hinaus soll ein integratives Onkologieprogramm Krebspatienten in die Lage versetzen, ihre Krankheit besser zu bew\u00e4ltigen und ihre Selbstheilungskr\u00e4fte (Salutogenese) zu aktivieren.<\/span><\/p>\n<p><span style=\"font-weight: 400;\">Auf der Suche nach etwas Zus\u00e4tzlichem zur Bek\u00e4mpfung der Krankheit und zur Verbesserung der Lebensqualit\u00e4t werden die alternativen, komplement\u00e4ren und integrativen Begriffe sowohl vom Patienten als auch vom Therapeuten oft synonym und undifferenziert im gleichen Kontext verwendet. Die Begriffe werden daher im Folgenden kurz definiert:<\/span><\/p>\n<ul>\n<li style=\"font-weight: 400;\" aria-level=\"1\"><span style=\"font-weight: 400;\">Alternative Behandlungsma\u00dfnahmen oder -verfahren sind solche, die anstelle von schulmedizinischen Standards eingesetzt werden. Alternative Behandlungsmethoden sollten daher nur angewendet werden, wenn keine sinnvolle konventionelle Behandlungsma\u00dfnahme zur Verf\u00fcgung steht. Allerdings ist hier Vorsicht geboten, denn es gibt viele Beispiele daf\u00fcr, wie durch alternative Behandlungsmethoden und durch den Verzicht auf die Standardbehandlung echte Heilungschancen verpasst werden.<\/span><\/li>\n<li style=\"font-weight: 400;\" aria-level=\"1\"><span style=\"font-weight: 400;\">Komplement\u00e4re Behandlungen sind Behandlungsma\u00dfnahmen aus der Naturheilkunde, Immunologie, Molekularbiologie, Biochemie, Physik und Psychologie, die die konventionelle Therapie erg\u00e4nzen. Sie liegen au\u00dferhalb der etablierten, konventionellen Standards und haben nicht die gleiche klinische Sicherheit wie die Methoden der evidenzbasierten Medizin. Sie weisen jedoch die Voraussetzungen f\u00fcr eine klinische Studie auf, oft auf der Grundlage empirischer Beobachtungen und wissenschaftlicher Grundlagenforschung.<\/span><\/li>\n<li style=\"font-weight: 400;\" aria-level=\"1\"><span style=\"font-weight: 400;\">Integrative Behandlung ist die Anwendung konventioneller Therapie in Verbindung mit komplement\u00e4ren Behandlungsma\u00dfnahmen, bei der versucht wird, die Behandlungen im Sinne des Patienten konzeptionell zu kombinieren.<\/span><\/li>\n<\/ul>\n","protected":false},"excerpt":{"rendered":"<p>Die Integrative Onkologie ist ein ganzheitliches medizinisches Konzept zur Behandlung von Krebserkrankungen, das konventionelle und evidenzbasierte Komplement\u00e4rtherapien kombiniert. Ziel dieses integrativen Ansatzes ist es, die Nebenwirkungen toxischer Behandlungen zu reduzieren, [&hellip;]<\/p>\n","protected":false},"author":1,"featured_media":0,"parent":0,"menu_order":1,"comment_status":"closed","ping_status":"closed","template":"","meta":{"footnotes":""},"class_list":["post-63","page","type-page","status-publish","hentry"],"yoast_head":"<!-- This site is optimized with the Yoast SEO Premium plugin v27.3 (Yoast SEO v27.3) - https:\/\/yoast.com\/product\/yoast-seo-premium-wordpress\/ -->\n<title>Integrative Onkologie - Pfeifer Protokoll<\/title>\n<meta name=\"robots\" content=\"index, follow, max-snippet:-1, max-image-preview:large, max-video-preview:-1\" \/>\n<link rel=\"canonical\" href=\"https:\/\/www.pfeifer-protocol.com\/de\/integrative-oncology\/\" \/>\n<meta property=\"og:locale\" content=\"de_DE\" \/>\n<meta property=\"og:type\" content=\"article\" \/>\n<meta property=\"og:title\" content=\"Integrative Onkologie\" \/>\n<meta property=\"og:description\" content=\"Die Integrative Onkologie ist ein ganzheitliches medizinisches Konzept zur Behandlung von Krebserkrankungen, das konventionelle und evidenzbasierte Komplement\u00e4rtherapien kombiniert. Ziel dieses integrativen Ansatzes ist es, die Nebenwirkungen toxischer Behandlungen zu reduzieren, [&hellip;]\" \/>\n<meta property=\"og:url\" content=\"https:\/\/www.pfeifer-protocol.com\/de\/integrative-oncology\/\" \/>\n<meta property=\"og:site_name\" content=\"Pfeifer Protokoll\" \/>\n<meta property=\"article:modified_time\" content=\"2021-08-23T12:18:13+00:00\" \/>\n<meta name=\"twitter:card\" content=\"summary_large_image\" \/>\n<meta name=\"twitter:label1\" content=\"Gesch\u00e4tzte Lesezeit\" \/>\n\t<meta name=\"twitter:data1\" content=\"1\u00a0Minute\" \/>\n<script type=\"application\/ld+json\" class=\"yoast-schema-graph\">{\"@context\":\"https:\\\/\\\/schema.org\",\"@graph\":[{\"@type\":\"Article\",\"@id\":\"https:\\\/\\\/www.pfeifer-protocol.com\\\/de\\\/integrative-oncology\\\/#article\",\"isPartOf\":{\"@id\":\"https:\\\/\\\/www.pfeifer-protocol.com\\\/de\\\/integrative-oncology\\\/\"},\"author\":{\"name\":\"Moderator\",\"@id\":\"https:\\\/\\\/www.pfeifer-protocol.com\\\/de\\\/#\\\/schema\\\/person\\\/6ed9c224c750ac99adf95fbee42d1176\"},\"headline\":\"Integrative Onkologie\",\"datePublished\":\"2014-10-02T11:11:50+00:00\",\"dateModified\":\"2021-08-23T12:18:13+00:00\",\"mainEntityOfPage\":{\"@id\":\"https:\\\/\\\/www.pfeifer-protocol.com\\\/de\\\/integrative-oncology\\\/\"},\"wordCount\":267,\"publisher\":{\"@id\":\"https:\\\/\\\/www.pfeifer-protocol.com\\\/de\\\/#\\\/schema\\\/person\\\/879d51b33cf494594deb30fbfad836b5\"},\"inLanguage\":\"de\"},{\"@type\":\"WebPage\",\"@id\":\"https:\\\/\\\/www.pfeifer-protocol.com\\\/de\\\/integrative-oncology\\\/\",\"url\":\"https:\\\/\\\/www.pfeifer-protocol.com\\\/de\\\/integrative-oncology\\\/\",\"name\":\"Integrative Onkologie - Pfeifer Protokoll\",\"isPartOf\":{\"@id\":\"https:\\\/\\\/www.pfeifer-protocol.com\\\/de\\\/#website\"},\"datePublished\":\"2014-10-02T11:11:50+00:00\",\"dateModified\":\"2021-08-23T12:18:13+00:00\",\"breadcrumb\":{\"@id\":\"https:\\\/\\\/www.pfeifer-protocol.com\\\/de\\\/integrative-oncology\\\/#breadcrumb\"},\"inLanguage\":\"de\",\"potentialAction\":[{\"@type\":\"ReadAction\",\"target\":[\"https:\\\/\\\/www.pfeifer-protocol.com\\\/de\\\/integrative-oncology\\\/\"]}]},{\"@type\":\"BreadcrumbList\",\"@id\":\"https:\\\/\\\/www.pfeifer-protocol.com\\\/de\\\/integrative-oncology\\\/#breadcrumb\",\"itemListElement\":[{\"@type\":\"ListItem\",\"position\":1,\"name\":\"Home\",\"item\":\"https:\\\/\\\/www.pfeifer-protocol.com\\\/de\\\/\"},{\"@type\":\"ListItem\",\"position\":2,\"name\":\"Integrative Onkologie\"}]},{\"@type\":\"WebSite\",\"@id\":\"https:\\\/\\\/www.pfeifer-protocol.com\\\/de\\\/#website\",\"url\":\"https:\\\/\\\/www.pfeifer-protocol.com\\\/de\\\/\",\"name\":\"Pfeifer Protokoll\",\"description\":\"Erfolgreiche Kombination von konventioneller und komplement\u00e4rer Krebstherapie\",\"publisher\":{\"@id\":\"https:\\\/\\\/www.pfeifer-protocol.com\\\/de\\\/#\\\/schema\\\/person\\\/879d51b33cf494594deb30fbfad836b5\"},\"potentialAction\":[{\"@type\":\"SearchAction\",\"target\":{\"@type\":\"EntryPoint\",\"urlTemplate\":\"https:\\\/\\\/www.pfeifer-protocol.com\\\/de\\\/?s={search_term_string}\"},\"query-input\":{\"@type\":\"PropertyValueSpecification\",\"valueRequired\":true,\"valueName\":\"search_term_string\"}}],\"inLanguage\":\"de\"},{\"@type\":[\"Person\",\"Organization\"],\"@id\":\"https:\\\/\\\/www.pfeifer-protocol.com\\\/de\\\/#\\\/schema\\\/person\\\/879d51b33cf494594deb30fbfad836b5\",\"name\":\"BPF\",\"image\":{\"@type\":\"ImageObject\",\"inLanguage\":\"de\",\"@id\":\"https:\\\/\\\/www.pfeifer-protocol.com\\\/wp-content\\\/uploads\\\/2016\\\/01\\\/Logo.png\",\"url\":\"https:\\\/\\\/www.pfeifer-protocol.com\\\/wp-content\\\/uploads\\\/2016\\\/01\\\/Logo.png\",\"contentUrl\":\"https:\\\/\\\/www.pfeifer-protocol.com\\\/wp-content\\\/uploads\\\/2016\\\/01\\\/Logo.png\",\"width\":480,\"height\":96,\"caption\":\"BPF\"},\"logo\":{\"@id\":\"https:\\\/\\\/www.pfeifer-protocol.com\\\/wp-content\\\/uploads\\\/2016\\\/01\\\/Logo.png\"}},{\"@type\":\"Person\",\"@id\":\"https:\\\/\\\/www.pfeifer-protocol.com\\\/de\\\/#\\\/schema\\\/person\\\/6ed9c224c750ac99adf95fbee42d1176\",\"name\":\"Moderator\"}]}<\/script>\n<!-- \/ Yoast SEO Premium plugin. -->","yoast_head_json":{"title":"Integrative Onkologie - Pfeifer Protokoll","robots":{"index":"index","follow":"follow","max-snippet":"max-snippet:-1","max-image-preview":"max-image-preview:large","max-video-preview":"max-video-preview:-1"},"canonical":"https:\/\/www.pfeifer-protocol.com\/de\/integrative-oncology\/","og_locale":"de_DE","og_type":"article","og_title":"Integrative Onkologie","og_description":"Die Integrative Onkologie ist ein ganzheitliches medizinisches Konzept zur Behandlung von Krebserkrankungen, das konventionelle und evidenzbasierte Komplement\u00e4rtherapien kombiniert. Ziel dieses integrativen Ansatzes ist es, die Nebenwirkungen toxischer Behandlungen zu reduzieren, [&hellip;]","og_url":"https:\/\/www.pfeifer-protocol.com\/de\/integrative-oncology\/","og_site_name":"Pfeifer Protokoll","article_modified_time":"2021-08-23T12:18:13+00:00","twitter_card":"summary_large_image","twitter_misc":{"Gesch\u00e4tzte Lesezeit":"1\u00a0Minute"},"schema":{"@context":"https:\/\/schema.org","@graph":[{"@type":"Article","@id":"https:\/\/www.pfeifer-protocol.com\/de\/integrative-oncology\/#article","isPartOf":{"@id":"https:\/\/www.pfeifer-protocol.com\/de\/integrative-oncology\/"},"author":{"name":"Moderator","@id":"https:\/\/www.pfeifer-protocol.com\/de\/#\/schema\/person\/6ed9c224c750ac99adf95fbee42d1176"},"headline":"Integrative Onkologie","datePublished":"2014-10-02T11:11:50+00:00","dateModified":"2021-08-23T12:18:13+00:00","mainEntityOfPage":{"@id":"https:\/\/www.pfeifer-protocol.com\/de\/integrative-oncology\/"},"wordCount":267,"publisher":{"@id":"https:\/\/www.pfeifer-protocol.com\/de\/#\/schema\/person\/879d51b33cf494594deb30fbfad836b5"},"inLanguage":"de"},{"@type":"WebPage","@id":"https:\/\/www.pfeifer-protocol.com\/de\/integrative-oncology\/","url":"https:\/\/www.pfeifer-protocol.com\/de\/integrative-oncology\/","name":"Integrative Onkologie - Pfeifer Protokoll","isPartOf":{"@id":"https:\/\/www.pfeifer-protocol.com\/de\/#website"},"datePublished":"2014-10-02T11:11:50+00:00","dateModified":"2021-08-23T12:18:13+00:00","breadcrumb":{"@id":"https:\/\/www.pfeifer-protocol.com\/de\/integrative-oncology\/#breadcrumb"},"inLanguage":"de","potentialAction":[{"@type":"ReadAction","target":["https:\/\/www.pfeifer-protocol.com\/de\/integrative-oncology\/"]}]},{"@type":"BreadcrumbList","@id":"https:\/\/www.pfeifer-protocol.com\/de\/integrative-oncology\/#breadcrumb","itemListElement":[{"@type":"ListItem","position":1,"name":"Home","item":"https:\/\/www.pfeifer-protocol.com\/de\/"},{"@type":"ListItem","position":2,"name":"Integrative Onkologie"}]},{"@type":"WebSite","@id":"https:\/\/www.pfeifer-protocol.com\/de\/#website","url":"https:\/\/www.pfeifer-protocol.com\/de\/","name":"Pfeifer Protokoll","description":"Erfolgreiche Kombination von konventioneller und komplement\u00e4rer Krebstherapie","publisher":{"@id":"https:\/\/www.pfeifer-protocol.com\/de\/#\/schema\/person\/879d51b33cf494594deb30fbfad836b5"},"potentialAction":[{"@type":"SearchAction","target":{"@type":"EntryPoint","urlTemplate":"https:\/\/www.pfeifer-protocol.com\/de\/?s={search_term_string}"},"query-input":{"@type":"PropertyValueSpecification","valueRequired":true,"valueName":"search_term_string"}}],"inLanguage":"de"},{"@type":["Person","Organization"],"@id":"https:\/\/www.pfeifer-protocol.com\/de\/#\/schema\/person\/879d51b33cf494594deb30fbfad836b5","name":"BPF","image":{"@type":"ImageObject","inLanguage":"de","@id":"https:\/\/www.pfeifer-protocol.com\/wp-content\/uploads\/2016\/01\/Logo.png","url":"https:\/\/www.pfeifer-protocol.com\/wp-content\/uploads\/2016\/01\/Logo.png","contentUrl":"https:\/\/www.pfeifer-protocol.com\/wp-content\/uploads\/2016\/01\/Logo.png","width":480,"height":96,"caption":"BPF"},"logo":{"@id":"https:\/\/www.pfeifer-protocol.com\/wp-content\/uploads\/2016\/01\/Logo.png"}},{"@type":"Person","@id":"https:\/\/www.pfeifer-protocol.com\/de\/#\/schema\/person\/6ed9c224c750ac99adf95fbee42d1176","name":"Moderator"}]}},"_links":{"self":[{"href":"https:\/\/www.pfeifer-protocol.com\/de\/wp-json\/wp\/v2\/pages\/63","targetHints":{"allow":["GET"]}}],"collection":[{"href":"https:\/\/www.pfeifer-protocol.com\/de\/wp-json\/wp\/v2\/pages"}],"about":[{"href":"https:\/\/www.pfeifer-protocol.com\/de\/wp-json\/wp\/v2\/types\/page"}],"author":[{"embeddable":true,"href":"https:\/\/www.pfeifer-protocol.com\/de\/wp-json\/wp\/v2\/users\/1"}],"replies":[{"embeddable":true,"href":"https:\/\/www.pfeifer-protocol.com\/de\/wp-json\/wp\/v2\/comments?post=63"}],"version-history":[{"count":3,"href":"https:\/\/www.pfeifer-protocol.com\/de\/wp-json\/wp\/v2\/pages\/63\/revisions"}],"predecessor-version":[{"id":1205,"href":"https:\/\/www.pfeifer-protocol.com\/de\/wp-json\/wp\/v2\/pages\/63\/revisions\/1205"}],"wp:attachment":[{"href":"https:\/\/www.pfeifer-protocol.com\/de\/wp-json\/wp\/v2\/media?parent=63"}],"curies":[{"name":"wp","href":"https:\/\/api.w.org\/{rel}","templated":true}]}}