{"id":1506,"date":"2025-07-04T07:08:51","date_gmt":"2025-07-04T06:08:51","guid":{"rendered":"https:\/\/www.pfeifer-protocol.com\/?page_id=1506"},"modified":"2025-07-04T07:16:57","modified_gmt":"2025-07-04T06:16:57","slug":"kraft-der-natur","status":"publish","type":"page","link":"https:\/\/www.pfeifer-protocol.com\/de\/kraft-der-natur\/","title":{"rendered":"Kraft der Natur"},"content":{"rendered":"\n<p>Kraft der Natur vereint 50 evidenzbasierte Naturstoffe, die die integrative Krebsbehandlung unterst\u00fctzen. Wissenschaftlich fundiert st\u00e4rken diese Inhaltsstoffe das Immunsystem, reduzieren chronische Entz\u00fcndungen und oxidativen Stress und f\u00f6rdern die allgemeine Stoffwechselgesundheit \u2013 und das alles in synergetischer Kombination mit konventionellen Therapien. Entdecken Sie, wie das Beste aus der Natur Sie auf Ihrem Weg zu mehr Gesundheit und Vitalit\u00e4t unterst\u00fctzen kann.<\/p>\n\n\n\n<p><\/p>\n","protected":false},"excerpt":{"rendered":"<p>Kraft der Natur vereint 50 evidenzbasierte Naturstoffe, die die integrative Krebsbehandlung unterst\u00fctzen. Wissenschaftlich fundiert st\u00e4rken diese Inhaltsstoffe das Immunsystem, reduzieren chronische Entz\u00fcndungen und oxidativen Stress und f\u00f6rdern die allgemeine Stoffwechselgesundheit [&hellip;]<\/p>\n","protected":false},"author":1,"featured_media":1512,"parent":0,"menu_order":7,"comment_status":"closed","ping_status":"closed","template":"","meta":{"footnotes":""},"class_list":["post-1506","page","type-page","status-publish","has-post-thumbnail","hentry"],"yoast_head":"<!-- This site is optimized with the Yoast SEO Premium plugin v27.3 (Yoast SEO v27.3) - https:\/\/yoast.com\/product\/yoast-seo-premium-wordpress\/ -->\n<title>Kraft der Natur - Pfeifer Protokoll<\/title>\n<meta name=\"robots\" content=\"index, follow, max-snippet:-1, max-image-preview:large, max-video-preview:-1\" \/>\n<link rel=\"canonical\" href=\"https:\/\/www.pfeifer-protocol.com\/de\/kraft-der-natur\/\" \/>\n<meta property=\"og:locale\" content=\"de_DE\" \/>\n<meta property=\"og:type\" content=\"article\" \/>\n<meta property=\"og:title\" content=\"Kraft der Natur\" \/>\n<meta property=\"og:description\" content=\"Kraft der Natur vereint 50 evidenzbasierte Naturstoffe, die die integrative Krebsbehandlung unterst\u00fctzen. Wissenschaftlich fundiert st\u00e4rken diese Inhaltsstoffe das Immunsystem, reduzieren chronische Entz\u00fcndungen und oxidativen Stress und f\u00f6rdern die allgemeine Stoffwechselgesundheit [&hellip;]\" \/>\n<meta property=\"og:url\" content=\"https:\/\/www.pfeifer-protocol.com\/de\/kraft-der-natur\/\" \/>\n<meta property=\"og:site_name\" content=\"Pfeifer Protokoll\" \/>\n<meta property=\"article:modified_time\" content=\"2025-07-04T06:16:57+00:00\" \/>\n<meta property=\"og:image\" content=\"https:\/\/www.pfeifer-protocol.com\/wp-content\/uploads\/2025\/07\/Power-of-Nature.webp\" \/>\n\t<meta property=\"og:image:width\" content=\"1200\" \/>\n\t<meta property=\"og:image:height\" content=\"800\" \/>\n\t<meta property=\"og:image:type\" content=\"image\/webp\" \/>\n<meta name=\"twitter:card\" content=\"summary_large_image\" \/>\n<meta name=\"twitter:label1\" content=\"Gesch\u00e4tzte Lesezeit\" \/>\n\t<meta name=\"twitter:data1\" content=\"1\u00a0Minute\" \/>\n<script type=\"application\/ld+json\" class=\"yoast-schema-graph\">{\"@context\":\"https:\\\/\\\/schema.org\",\"@graph\":[{\"@type\":\"Article\",\"@id\":\"https:\\\/\\\/www.pfeifer-protocol.com\\\/de\\\/kraft-der-natur\\\/#article\",\"isPartOf\":{\"@id\":\"https:\\\/\\\/www.pfeifer-protocol.com\\\/de\\\/kraft-der-natur\\\/\"},\"author\":{\"name\":\"Moderator\",\"@id\":\"https:\\\/\\\/www.pfeifer-protocol.com\\\/de\\\/#\\\/schema\\\/person\\\/6ed9c224c750ac99adf95fbee42d1176\"},\"headline\":\"Kraft der Natur\",\"datePublished\":\"2025-07-04T06:08:51+00:00\",\"dateModified\":\"2025-07-04T06:16:57+00:00\",\"mainEntityOfPage\":{\"@id\":\"https:\\\/\\\/www.pfeifer-protocol.com\\\/de\\\/kraft-der-natur\\\/\"},\"wordCount\":66,\"publisher\":{\"@id\":\"https:\\\/\\\/www.pfeifer-protocol.com\\\/de\\\/#\\\/schema\\\/person\\\/879d51b33cf494594deb30fbfad836b5\"},\"image\":{\"@id\":\"https:\\\/\\\/www.pfeifer-protocol.com\\\/de\\\/kraft-der-natur\\\/#primaryimage\"},\"thumbnailUrl\":\"https:\\\/\\\/www.pfeifer-protocol.com\\\/wp-content\\\/uploads\\\/2025\\\/07\\\/Power-of-Nature.webp\",\"inLanguage\":\"de\"},{\"@type\":\"WebPage\",\"@id\":\"https:\\\/\\\/www.pfeifer-protocol.com\\\/de\\\/kraft-der-natur\\\/\",\"url\":\"https:\\\/\\\/www.pfeifer-protocol.com\\\/de\\\/kraft-der-natur\\\/\",\"name\":\"Kraft der Natur - Pfeifer Protokoll\",\"isPartOf\":{\"@id\":\"https:\\\/\\\/www.pfeifer-protocol.com\\\/de\\\/#website\"},\"primaryImageOfPage\":{\"@id\":\"https:\\\/\\\/www.pfeifer-protocol.com\\\/de\\\/kraft-der-natur\\\/#primaryimage\"},\"image\":{\"@id\":\"https:\\\/\\\/www.pfeifer-protocol.com\\\/de\\\/kraft-der-natur\\\/#primaryimage\"},\"thumbnailUrl\":\"https:\\\/\\\/www.pfeifer-protocol.com\\\/wp-content\\\/uploads\\\/2025\\\/07\\\/Power-of-Nature.webp\",\"datePublished\":\"2025-07-04T06:08:51+00:00\",\"dateModified\":\"2025-07-04T06:16:57+00:00\",\"breadcrumb\":{\"@id\":\"https:\\\/\\\/www.pfeifer-protocol.com\\\/de\\\/kraft-der-natur\\\/#breadcrumb\"},\"inLanguage\":\"de\",\"potentialAction\":[{\"@type\":\"ReadAction\",\"target\":[\"https:\\\/\\\/www.pfeifer-protocol.com\\\/de\\\/kraft-der-natur\\\/\"]}]},{\"@type\":\"ImageObject\",\"inLanguage\":\"de\",\"@id\":\"https:\\\/\\\/www.pfeifer-protocol.com\\\/de\\\/kraft-der-natur\\\/#primaryimage\",\"url\":\"https:\\\/\\\/www.pfeifer-protocol.com\\\/wp-content\\\/uploads\\\/2025\\\/07\\\/Power-of-Nature.webp\",\"contentUrl\":\"https:\\\/\\\/www.pfeifer-protocol.com\\\/wp-content\\\/uploads\\\/2025\\\/07\\\/Power-of-Nature.webp\",\"width\":1200,\"height\":800,\"caption\":\"Power of Nature\"},{\"@type\":\"BreadcrumbList\",\"@id\":\"https:\\\/\\\/www.pfeifer-protocol.com\\\/de\\\/kraft-der-natur\\\/#breadcrumb\",\"itemListElement\":[{\"@type\":\"ListItem\",\"position\":1,\"name\":\"Home\",\"item\":\"https:\\\/\\\/www.pfeifer-protocol.com\\\/de\\\/\"},{\"@type\":\"ListItem\",\"position\":2,\"name\":\"Kraft der Natur\"}]},{\"@type\":\"WebSite\",\"@id\":\"https:\\\/\\\/www.pfeifer-protocol.com\\\/de\\\/#website\",\"url\":\"https:\\\/\\\/www.pfeifer-protocol.com\\\/de\\\/\",\"name\":\"Pfeifer Protokoll\",\"description\":\"Erfolgreiche Kombination von konventioneller und komplement\u00e4rer Krebstherapie\",\"publisher\":{\"@id\":\"https:\\\/\\\/www.pfeifer-protocol.com\\\/de\\\/#\\\/schema\\\/person\\\/879d51b33cf494594deb30fbfad836b5\"},\"potentialAction\":[{\"@type\":\"SearchAction\",\"target\":{\"@type\":\"EntryPoint\",\"urlTemplate\":\"https:\\\/\\\/www.pfeifer-protocol.com\\\/de\\\/?s={search_term_string}\"},\"query-input\":{\"@type\":\"PropertyValueSpecification\",\"valueRequired\":true,\"valueName\":\"search_term_string\"}}],\"inLanguage\":\"de\"},{\"@type\":[\"Person\",\"Organization\"],\"@id\":\"https:\\\/\\\/www.pfeifer-protocol.com\\\/de\\\/#\\\/schema\\\/person\\\/879d51b33cf494594deb30fbfad836b5\",\"name\":\"BPF\",\"image\":{\"@type\":\"ImageObject\",\"inLanguage\":\"de\",\"@id\":\"https:\\\/\\\/www.pfeifer-protocol.com\\\/wp-content\\\/uploads\\\/2016\\\/01\\\/Logo.png\",\"url\":\"https:\\\/\\\/www.pfeifer-protocol.com\\\/wp-content\\\/uploads\\\/2016\\\/01\\\/Logo.png\",\"contentUrl\":\"https:\\\/\\\/www.pfeifer-protocol.com\\\/wp-content\\\/uploads\\\/2016\\\/01\\\/Logo.png\",\"width\":480,\"height\":96,\"caption\":\"BPF\"},\"logo\":{\"@id\":\"https:\\\/\\\/www.pfeifer-protocol.com\\\/wp-content\\\/uploads\\\/2016\\\/01\\\/Logo.png\"}},{\"@type\":\"Person\",\"@id\":\"https:\\\/\\\/www.pfeifer-protocol.com\\\/de\\\/#\\\/schema\\\/person\\\/6ed9c224c750ac99adf95fbee42d1176\",\"name\":\"Moderator\"}]}<\/script>\n<!-- \/ Yoast SEO Premium plugin. -->","yoast_head_json":{"title":"Kraft der Natur - Pfeifer Protokoll","robots":{"index":"index","follow":"follow","max-snippet":"max-snippet:-1","max-image-preview":"max-image-preview:large","max-video-preview":"max-video-preview:-1"},"canonical":"https:\/\/www.pfeifer-protocol.com\/de\/kraft-der-natur\/","og_locale":"de_DE","og_type":"article","og_title":"Kraft der Natur","og_description":"Kraft der Natur vereint 50 evidenzbasierte Naturstoffe, die die integrative Krebsbehandlung unterst\u00fctzen. Wissenschaftlich fundiert st\u00e4rken diese Inhaltsstoffe das Immunsystem, reduzieren chronische Entz\u00fcndungen und oxidativen Stress und f\u00f6rdern die allgemeine Stoffwechselgesundheit [&hellip;]","og_url":"https:\/\/www.pfeifer-protocol.com\/de\/kraft-der-natur\/","og_site_name":"Pfeifer Protokoll","article_modified_time":"2025-07-04T06:16:57+00:00","og_image":[{"width":1200,"height":800,"url":"https:\/\/www.pfeifer-protocol.com\/wp-content\/uploads\/2025\/07\/Power-of-Nature.webp","type":"image\/webp"}],"twitter_card":"summary_large_image","twitter_misc":{"Gesch\u00e4tzte Lesezeit":"1\u00a0Minute"},"schema":{"@context":"https:\/\/schema.org","@graph":[{"@type":"Article","@id":"https:\/\/www.pfeifer-protocol.com\/de\/kraft-der-natur\/#article","isPartOf":{"@id":"https:\/\/www.pfeifer-protocol.com\/de\/kraft-der-natur\/"},"author":{"name":"Moderator","@id":"https:\/\/www.pfeifer-protocol.com\/de\/#\/schema\/person\/6ed9c224c750ac99adf95fbee42d1176"},"headline":"Kraft der Natur","datePublished":"2025-07-04T06:08:51+00:00","dateModified":"2025-07-04T06:16:57+00:00","mainEntityOfPage":{"@id":"https:\/\/www.pfeifer-protocol.com\/de\/kraft-der-natur\/"},"wordCount":66,"publisher":{"@id":"https:\/\/www.pfeifer-protocol.com\/de\/#\/schema\/person\/879d51b33cf494594deb30fbfad836b5"},"image":{"@id":"https:\/\/www.pfeifer-protocol.com\/de\/kraft-der-natur\/#primaryimage"},"thumbnailUrl":"https:\/\/www.pfeifer-protocol.com\/wp-content\/uploads\/2025\/07\/Power-of-Nature.webp","inLanguage":"de"},{"@type":"WebPage","@id":"https:\/\/www.pfeifer-protocol.com\/de\/kraft-der-natur\/","url":"https:\/\/www.pfeifer-protocol.com\/de\/kraft-der-natur\/","name":"Kraft der Natur - Pfeifer Protokoll","isPartOf":{"@id":"https:\/\/www.pfeifer-protocol.com\/de\/#website"},"primaryImageOfPage":{"@id":"https:\/\/www.pfeifer-protocol.com\/de\/kraft-der-natur\/#primaryimage"},"image":{"@id":"https:\/\/www.pfeifer-protocol.com\/de\/kraft-der-natur\/#primaryimage"},"thumbnailUrl":"https:\/\/www.pfeifer-protocol.com\/wp-content\/uploads\/2025\/07\/Power-of-Nature.webp","datePublished":"2025-07-04T06:08:51+00:00","dateModified":"2025-07-04T06:16:57+00:00","breadcrumb":{"@id":"https:\/\/www.pfeifer-protocol.com\/de\/kraft-der-natur\/#breadcrumb"},"inLanguage":"de","potentialAction":[{"@type":"ReadAction","target":["https:\/\/www.pfeifer-protocol.com\/de\/kraft-der-natur\/"]}]},{"@type":"ImageObject","inLanguage":"de","@id":"https:\/\/www.pfeifer-protocol.com\/de\/kraft-der-natur\/#primaryimage","url":"https:\/\/www.pfeifer-protocol.com\/wp-content\/uploads\/2025\/07\/Power-of-Nature.webp","contentUrl":"https:\/\/www.pfeifer-protocol.com\/wp-content\/uploads\/2025\/07\/Power-of-Nature.webp","width":1200,"height":800,"caption":"Power of Nature"},{"@type":"BreadcrumbList","@id":"https:\/\/www.pfeifer-protocol.com\/de\/kraft-der-natur\/#breadcrumb","itemListElement":[{"@type":"ListItem","position":1,"name":"Home","item":"https:\/\/www.pfeifer-protocol.com\/de\/"},{"@type":"ListItem","position":2,"name":"Kraft der Natur"}]},{"@type":"WebSite","@id":"https:\/\/www.pfeifer-protocol.com\/de\/#website","url":"https:\/\/www.pfeifer-protocol.com\/de\/","name":"Pfeifer Protokoll","description":"Erfolgreiche Kombination von konventioneller und komplement\u00e4rer Krebstherapie","publisher":{"@id":"https:\/\/www.pfeifer-protocol.com\/de\/#\/schema\/person\/879d51b33cf494594deb30fbfad836b5"},"potentialAction":[{"@type":"SearchAction","target":{"@type":"EntryPoint","urlTemplate":"https:\/\/www.pfeifer-protocol.com\/de\/?s={search_term_string}"},"query-input":{"@type":"PropertyValueSpecification","valueRequired":true,"valueName":"search_term_string"}}],"inLanguage":"de"},{"@type":["Person","Organization"],"@id":"https:\/\/www.pfeifer-protocol.com\/de\/#\/schema\/person\/879d51b33cf494594deb30fbfad836b5","name":"BPF","image":{"@type":"ImageObject","inLanguage":"de","@id":"https:\/\/www.pfeifer-protocol.com\/wp-content\/uploads\/2016\/01\/Logo.png","url":"https:\/\/www.pfeifer-protocol.com\/wp-content\/uploads\/2016\/01\/Logo.png","contentUrl":"https:\/\/www.pfeifer-protocol.com\/wp-content\/uploads\/2016\/01\/Logo.png","width":480,"height":96,"caption":"BPF"},"logo":{"@id":"https:\/\/www.pfeifer-protocol.com\/wp-content\/uploads\/2016\/01\/Logo.png"}},{"@type":"Person","@id":"https:\/\/www.pfeifer-protocol.com\/de\/#\/schema\/person\/6ed9c224c750ac99adf95fbee42d1176","name":"Moderator"}]}},"_links":{"self":[{"href":"https:\/\/www.pfeifer-protocol.com\/de\/wp-json\/wp\/v2\/pages\/1506","targetHints":{"allow":["GET"]}}],"collection":[{"href":"https:\/\/www.pfeifer-protocol.com\/de\/wp-json\/wp\/v2\/pages"}],"about":[{"href":"https:\/\/www.pfeifer-protocol.com\/de\/wp-json\/wp\/v2\/types\/page"}],"author":[{"embeddable":true,"href":"https:\/\/www.pfeifer-protocol.com\/de\/wp-json\/wp\/v2\/users\/1"}],"replies":[{"embeddable":true,"href":"https:\/\/www.pfeifer-protocol.com\/de\/wp-json\/wp\/v2\/comments?post=1506"}],"version-history":[{"count":1,"href":"https:\/\/www.pfeifer-protocol.com\/de\/wp-json\/wp\/v2\/pages\/1506\/revisions"}],"predecessor-version":[{"id":1509,"href":"https:\/\/www.pfeifer-protocol.com\/de\/wp-json\/wp\/v2\/pages\/1506\/revisions\/1509"}],"wp:featuredmedia":[{"embeddable":true,"href":"https:\/\/www.pfeifer-protocol.com\/de\/wp-json\/wp\/v2\/media\/1512"}],"wp:attachment":[{"href":"https:\/\/www.pfeifer-protocol.com\/de\/wp-json\/wp\/v2\/media?parent=1506"}],"curies":[{"name":"wp","href":"https:\/\/api.w.org\/{rel}","templated":true}]}}