{"id":1254,"date":"2021-09-01T07:57:58","date_gmt":"2021-09-01T06:57:58","guid":{"rendered":"https:\/\/www.pfeifer-protocol.com\/?page_id=1254"},"modified":"2021-10-05T10:52:29","modified_gmt":"2021-10-05T09:52:29","slug":"kontaktieren-sie-uns","status":"publish","type":"page","link":"https:\/\/www.pfeifer-protocol.com\/de\/kontaktieren-sie-uns\/","title":{"rendered":"Kontaktieren Sie uns"},"content":{"rendered":"\n<div class=\"wp-block-query is-layout-flow wp-block-query-is-layout-flow\"><ul class=\"wp-block-post-template is-layout-flow wp-block-post-template-is-layout-flow\"><li class=\"wp-block-post post-1650 post type-post status-publish format-standard has-post-thumbnail hentry category-plants-extracts-de\">\n<h2 class=\"wp-block-post-title\">Corydalis-Rhizom (Corydalis yanhusuo)<\/h2>\n\n<div class=\"wp-block-post-date\"><time datetime=\"2026-04-19T05:38:56+01:00\">19. April 2026<\/time><\/div>\n\n<div class=\"wp-block-post-excerpt\"><p class=\"wp-block-post-excerpt__excerpt\">Das Rhizom (unterirdischer Wurzelstock) von Corydalis yanhusuo wird in der traditionellen chinesischen Medizin seit Jahrhunderten als nat\u00fcrliches Schmerzmittel gesch\u00e4tzt. Aufzeichnungen \u00fcber seine Verwendung bei Brustschmerzen reichen bis in die Tang-Dynastie [&hellip;] <\/p><\/div>\n<\/li><\/ul><\/div>\n\n\n\n<div class=\"wp-block-query is-layout-flow wp-block-query-is-layout-flow\"><ul class=\"wp-block-post-template is-layout-flow wp-block-post-template-is-layout-flow\"><li class=\"wp-block-post post-1650 post type-post status-publish format-standard has-post-thumbnail hentry category-plants-extracts-de\">\n\n<div class=\"wp-block-columns is-layout-flex wp-container-core-columns-is-layout-9d6595d7 wp-block-columns-is-layout-flex\">\n<div class=\"wp-block-column is-vertically-aligned-top is-layout-flow wp-block-column-is-layout-flow\">\n<h2 class=\"wp-block-heading\">\u00c4rztliche Beratung<\/h2>\n\n\n\n<p>Integrative Cancer Care<br><a href=\"http:\/\/www.integrative-cancer-care.org\" target=\"_blank\" rel=\"noreferrer noopener\">www.integrative-cancer-care.org<\/a><br><a href=\"mailto:case-manager@integrative-cancer-care.com\">case-manager@integrative-cancer-care.com<\/a><br><br><\/p>\n<\/div>\n\n\n\n<div class=\"wp-block-column is-layout-flow wp-block-column-is-layout-flow\">\n<h2 class=\"wp-block-heading\">Nahrungserg\u00e4nzungsmittel<\/h2>\n\n\n\n<p>medpro, Naturally Healthy<br><a href=\"http:\/\/www.med-pro.org\" target=\"_blank\" rel=\"noreferrer noopener\">www.med-pro.org<\/a><br><a href=\"mailto:info@med-pro.org\">info@med-pro.org<\/a><\/p>\n\n\n\n<p>Aeskulap-International<br><a href=\"http:\/\/www.aeskulap-international.com\" target=\"_blank\" rel=\"noreferrer noopener\">www.aeskulap-international.com<\/a><br><a href=\"mailto:service@aeskulap-international.com\">service@aeskulap-international.com<\/a><\/p>\n<\/div>\n<\/div>\n\n<\/li><\/ul><\/div>\n","protected":false},"excerpt":{"rendered":"","protected":false},"author":1,"featured_media":0,"parent":0,"menu_order":6,"comment_status":"closed","ping_status":"closed","template":"","meta":{"footnotes":""},"class_list":["post-1254","page","type-page","status-publish","hentry"],"yoast_head":"<!-- This site is optimized with the Yoast SEO Premium plugin v27.3 (Yoast SEO v27.3) - https:\/\/yoast.com\/product\/yoast-seo-premium-wordpress\/ -->\n<title>Kontaktieren Sie uns - Pfeifer Protokoll<\/title>\n<meta name=\"robots\" content=\"index, follow, max-snippet:-1, max-image-preview:large, max-video-preview:-1\" \/>\n<link rel=\"canonical\" href=\"https:\/\/www.pfeifer-protocol.com\/de\/kontaktieren-sie-uns\/\" \/>\n<meta property=\"og:locale\" content=\"de_DE\" \/>\n<meta property=\"og:type\" content=\"article\" \/>\n<meta property=\"og:title\" content=\"Kontaktieren Sie uns\" \/>\n<meta property=\"og:url\" content=\"https:\/\/www.pfeifer-protocol.com\/de\/kontaktieren-sie-uns\/\" \/>\n<meta property=\"og:site_name\" content=\"Pfeifer Protokoll\" \/>\n<meta property=\"article:modified_time\" content=\"2021-10-05T09:52:29+00:00\" \/>\n<meta name=\"twitter:card\" content=\"summary_large_image\" \/>\n<script type=\"application\/ld+json\" class=\"yoast-schema-graph\">{\"@context\":\"https:\\\/\\\/schema.org\",\"@graph\":[{\"@type\":\"Article\",\"@id\":\"https:\\\/\\\/www.pfeifer-protocol.com\\\/de\\\/kontaktieren-sie-uns\\\/#article\",\"isPartOf\":{\"@id\":\"https:\\\/\\\/www.pfeifer-protocol.com\\\/de\\\/kontaktieren-sie-uns\\\/\"},\"author\":{\"name\":\"Moderator\",\"@id\":\"https:\\\/\\\/www.pfeifer-protocol.com\\\/de\\\/#\\\/schema\\\/person\\\/6ed9c224c750ac99adf95fbee42d1176\"},\"headline\":\"Kontaktieren Sie uns\",\"datePublished\":\"2021-09-01T06:57:58+00:00\",\"dateModified\":\"2021-10-05T09:52:29+00:00\",\"mainEntityOfPage\":{\"@id\":\"https:\\\/\\\/www.pfeifer-protocol.com\\\/de\\\/kontaktieren-sie-uns\\\/\"},\"wordCount\":32,\"publisher\":{\"@id\":\"https:\\\/\\\/www.pfeifer-protocol.com\\\/de\\\/#\\\/schema\\\/person\\\/879d51b33cf494594deb30fbfad836b5\"},\"inLanguage\":\"de\"},{\"@type\":\"WebPage\",\"@id\":\"https:\\\/\\\/www.pfeifer-protocol.com\\\/de\\\/kontaktieren-sie-uns\\\/\",\"url\":\"https:\\\/\\\/www.pfeifer-protocol.com\\\/de\\\/kontaktieren-sie-uns\\\/\",\"name\":\"Kontaktieren Sie uns - Pfeifer Protokoll\",\"isPartOf\":{\"@id\":\"https:\\\/\\\/www.pfeifer-protocol.com\\\/de\\\/#website\"},\"datePublished\":\"2021-09-01T06:57:58+00:00\",\"dateModified\":\"2021-10-05T09:52:29+00:00\",\"breadcrumb\":{\"@id\":\"https:\\\/\\\/www.pfeifer-protocol.com\\\/de\\\/kontaktieren-sie-uns\\\/#breadcrumb\"},\"inLanguage\":\"de\",\"potentialAction\":[{\"@type\":\"ReadAction\",\"target\":[\"https:\\\/\\\/www.pfeifer-protocol.com\\\/de\\\/kontaktieren-sie-uns\\\/\"]}]},{\"@type\":\"BreadcrumbList\",\"@id\":\"https:\\\/\\\/www.pfeifer-protocol.com\\\/de\\\/kontaktieren-sie-uns\\\/#breadcrumb\",\"itemListElement\":[{\"@type\":\"ListItem\",\"position\":1,\"name\":\"Home\",\"item\":\"https:\\\/\\\/www.pfeifer-protocol.com\\\/de\\\/\"},{\"@type\":\"ListItem\",\"position\":2,\"name\":\"Kontaktieren Sie uns\"}]},{\"@type\":\"WebSite\",\"@id\":\"https:\\\/\\\/www.pfeifer-protocol.com\\\/de\\\/#website\",\"url\":\"https:\\\/\\\/www.pfeifer-protocol.com\\\/de\\\/\",\"name\":\"Pfeifer Protokoll\",\"description\":\"Erfolgreiche Kombination von konventioneller und komplement\u00e4rer Krebstherapie\",\"publisher\":{\"@id\":\"https:\\\/\\\/www.pfeifer-protocol.com\\\/de\\\/#\\\/schema\\\/person\\\/879d51b33cf494594deb30fbfad836b5\"},\"potentialAction\":[{\"@type\":\"SearchAction\",\"target\":{\"@type\":\"EntryPoint\",\"urlTemplate\":\"https:\\\/\\\/www.pfeifer-protocol.com\\\/de\\\/?s={search_term_string}\"},\"query-input\":{\"@type\":\"PropertyValueSpecification\",\"valueRequired\":true,\"valueName\":\"search_term_string\"}}],\"inLanguage\":\"de\"},{\"@type\":[\"Person\",\"Organization\"],\"@id\":\"https:\\\/\\\/www.pfeifer-protocol.com\\\/de\\\/#\\\/schema\\\/person\\\/879d51b33cf494594deb30fbfad836b5\",\"name\":\"BPF\",\"image\":{\"@type\":\"ImageObject\",\"inLanguage\":\"de\",\"@id\":\"https:\\\/\\\/www.pfeifer-protocol.com\\\/wp-content\\\/uploads\\\/2016\\\/01\\\/Logo.png\",\"url\":\"https:\\\/\\\/www.pfeifer-protocol.com\\\/wp-content\\\/uploads\\\/2016\\\/01\\\/Logo.png\",\"contentUrl\":\"https:\\\/\\\/www.pfeifer-protocol.com\\\/wp-content\\\/uploads\\\/2016\\\/01\\\/Logo.png\",\"width\":480,\"height\":96,\"caption\":\"BPF\"},\"logo\":{\"@id\":\"https:\\\/\\\/www.pfeifer-protocol.com\\\/wp-content\\\/uploads\\\/2016\\\/01\\\/Logo.png\"}},{\"@type\":\"Person\",\"@id\":\"https:\\\/\\\/www.pfeifer-protocol.com\\\/de\\\/#\\\/schema\\\/person\\\/6ed9c224c750ac99adf95fbee42d1176\",\"name\":\"Moderator\"}]}<\/script>\n<!-- \/ Yoast SEO Premium plugin. -->","yoast_head_json":{"title":"Kontaktieren Sie uns - Pfeifer Protokoll","robots":{"index":"index","follow":"follow","max-snippet":"max-snippet:-1","max-image-preview":"max-image-preview:large","max-video-preview":"max-video-preview:-1"},"canonical":"https:\/\/www.pfeifer-protocol.com\/de\/kontaktieren-sie-uns\/","og_locale":"de_DE","og_type":"article","og_title":"Kontaktieren Sie uns","og_url":"https:\/\/www.pfeifer-protocol.com\/de\/kontaktieren-sie-uns\/","og_site_name":"Pfeifer Protokoll","article_modified_time":"2021-10-05T09:52:29+00:00","twitter_card":"summary_large_image","schema":{"@context":"https:\/\/schema.org","@graph":[{"@type":"Article","@id":"https:\/\/www.pfeifer-protocol.com\/de\/kontaktieren-sie-uns\/#article","isPartOf":{"@id":"https:\/\/www.pfeifer-protocol.com\/de\/kontaktieren-sie-uns\/"},"author":{"name":"Moderator","@id":"https:\/\/www.pfeifer-protocol.com\/de\/#\/schema\/person\/6ed9c224c750ac99adf95fbee42d1176"},"headline":"Kontaktieren Sie uns","datePublished":"2021-09-01T06:57:58+00:00","dateModified":"2021-10-05T09:52:29+00:00","mainEntityOfPage":{"@id":"https:\/\/www.pfeifer-protocol.com\/de\/kontaktieren-sie-uns\/"},"wordCount":32,"publisher":{"@id":"https:\/\/www.pfeifer-protocol.com\/de\/#\/schema\/person\/879d51b33cf494594deb30fbfad836b5"},"inLanguage":"de"},{"@type":"WebPage","@id":"https:\/\/www.pfeifer-protocol.com\/de\/kontaktieren-sie-uns\/","url":"https:\/\/www.pfeifer-protocol.com\/de\/kontaktieren-sie-uns\/","name":"Kontaktieren Sie uns - Pfeifer Protokoll","isPartOf":{"@id":"https:\/\/www.pfeifer-protocol.com\/de\/#website"},"datePublished":"2021-09-01T06:57:58+00:00","dateModified":"2021-10-05T09:52:29+00:00","breadcrumb":{"@id":"https:\/\/www.pfeifer-protocol.com\/de\/kontaktieren-sie-uns\/#breadcrumb"},"inLanguage":"de","potentialAction":[{"@type":"ReadAction","target":["https:\/\/www.pfeifer-protocol.com\/de\/kontaktieren-sie-uns\/"]}]},{"@type":"BreadcrumbList","@id":"https:\/\/www.pfeifer-protocol.com\/de\/kontaktieren-sie-uns\/#breadcrumb","itemListElement":[{"@type":"ListItem","position":1,"name":"Home","item":"https:\/\/www.pfeifer-protocol.com\/de\/"},{"@type":"ListItem","position":2,"name":"Kontaktieren Sie uns"}]},{"@type":"WebSite","@id":"https:\/\/www.pfeifer-protocol.com\/de\/#website","url":"https:\/\/www.pfeifer-protocol.com\/de\/","name":"Pfeifer Protokoll","description":"Erfolgreiche Kombination von konventioneller und komplement\u00e4rer Krebstherapie","publisher":{"@id":"https:\/\/www.pfeifer-protocol.com\/de\/#\/schema\/person\/879d51b33cf494594deb30fbfad836b5"},"potentialAction":[{"@type":"SearchAction","target":{"@type":"EntryPoint","urlTemplate":"https:\/\/www.pfeifer-protocol.com\/de\/?s={search_term_string}"},"query-input":{"@type":"PropertyValueSpecification","valueRequired":true,"valueName":"search_term_string"}}],"inLanguage":"de"},{"@type":["Person","Organization"],"@id":"https:\/\/www.pfeifer-protocol.com\/de\/#\/schema\/person\/879d51b33cf494594deb30fbfad836b5","name":"BPF","image":{"@type":"ImageObject","inLanguage":"de","@id":"https:\/\/www.pfeifer-protocol.com\/wp-content\/uploads\/2016\/01\/Logo.png","url":"https:\/\/www.pfeifer-protocol.com\/wp-content\/uploads\/2016\/01\/Logo.png","contentUrl":"https:\/\/www.pfeifer-protocol.com\/wp-content\/uploads\/2016\/01\/Logo.png","width":480,"height":96,"caption":"BPF"},"logo":{"@id":"https:\/\/www.pfeifer-protocol.com\/wp-content\/uploads\/2016\/01\/Logo.png"}},{"@type":"Person","@id":"https:\/\/www.pfeifer-protocol.com\/de\/#\/schema\/person\/6ed9c224c750ac99adf95fbee42d1176","name":"Moderator"}]}},"_links":{"self":[{"href":"https:\/\/www.pfeifer-protocol.com\/de\/wp-json\/wp\/v2\/pages\/1254","targetHints":{"allow":["GET"]}}],"collection":[{"href":"https:\/\/www.pfeifer-protocol.com\/de\/wp-json\/wp\/v2\/pages"}],"about":[{"href":"https:\/\/www.pfeifer-protocol.com\/de\/wp-json\/wp\/v2\/types\/page"}],"author":[{"embeddable":true,"href":"https:\/\/www.pfeifer-protocol.com\/de\/wp-json\/wp\/v2\/users\/1"}],"replies":[{"embeddable":true,"href":"https:\/\/www.pfeifer-protocol.com\/de\/wp-json\/wp\/v2\/comments?post=1254"}],"version-history":[{"count":3,"href":"https:\/\/www.pfeifer-protocol.com\/de\/wp-json\/wp\/v2\/pages\/1254\/revisions"}],"predecessor-version":[{"id":1388,"href":"https:\/\/www.pfeifer-protocol.com\/de\/wp-json\/wp\/v2\/pages\/1254\/revisions\/1388"}],"wp:attachment":[{"href":"https:\/\/www.pfeifer-protocol.com\/de\/wp-json\/wp\/v2\/media?parent=1254"}],"curies":[{"name":"wp","href":"https:\/\/api.w.org\/{rel}","templated":true}]}}