{"id":1206,"date":"2021-08-23T13:21:44","date_gmt":"2021-08-23T12:21:44","guid":{"rendered":"https:\/\/www.pfeifer-protocol.com\/?page_id=1206"},"modified":"2021-09-20T16:55:25","modified_gmt":"2021-09-20T15:55:25","slug":"ueber-das-protokoll","status":"publish","type":"page","link":"https:\/\/www.pfeifer-protocol.com\/de\/ueber-das-protokoll\/","title":{"rendered":"\u00dcber das Protokoll"},"content":{"rendered":"\n<p>Das Pfeifer-Protokoll \u2013 enth\u00e4lt eine Zusammenfassung ausgew\u00e4hlter Krebsbehandlungsprotokolle, die von Professor Ben Pfeifer, M.D., Ph.D. und einem Team international anerkannter Gesundheitsexperten und Forscher entwickelt und erfolgreich angewendet wurden.\u00a0<\/p>\n\n\n\n<p>Dieses Protokoll soll Krebspatienten und ihren \u00c4rzten dabei helfen, bestm\u00f6gliche Behandlungsergebnisse zu erzielen, Leiden zu reduzieren und die Lebensqualit\u00e4t sowie die Lebenserwartung zu verbessern, indem modernste Behandlungsmethoden mit effektiven komplement\u00e4r-onkologischen Ma\u00dfnahmen kombiniert werden.<\/p>\n\n\n\n<blockquote class=\"wp-block-quote is-layout-flow wp-block-quote-is-layout-flow\"><p>Lassen Sie mich zun\u00e4chst sagen, dass der Name dieser Protokolle nicht von mir stammt, sondern von meinen Patienten und ihren \u00c4rzten gepr\u00e4gt wurde. Aus meiner pers\u00f6nlichen Sicht halte ich den Namen \u201ePfeifer-Protokoll\u201c f\u00fcr etwas anma\u00dfend, da wir lediglich einige unserer Behandlungsprotokolle zusammengestellt haben, die sich im Laufe der Jahre in der klinischen Praxis als am effektivsten erwiesen haben. Ich behaupte in keiner Weise, dass diese Behandlungsprotokolle umfassend sind oder allgemeine G\u00fcltigkeit haben. Diese Protokolle sind empirisch entstanden und werden st\u00e4ndig verbessert und weiterentwickelt. In den letzten 20 Jahren haben mehr als 15.000 Patienten unsere Behandlungsempfehlungen genutzt, viele mit ausgezeichnetem Erfolg.<br><br>Ich hoffe nat\u00fcrlich, dass diese Zahl noch viel gr\u00f6\u00dfer wird, da sich unsere Protokolle in der klinischen Praxis immer wieder als wirksam erwiesen haben und Patienten auch bei fortgeschrittenem Krebs oft lang anhaltende Vorteile bieten.<br><br>Ich hoffe, dass das \u201ePfeifer-Protokoll\u201c noch mehr Therapeuten und deren Krebspatienten erreicht, damit unsere positiven Erfahrungen mit diesen komplement\u00e4ren Therapieprotokollen vervielfacht werden.<\/p><cite>Professor Pfeifer<\/cite><\/blockquote>\n\n\n\n<h3 class=\"wp-block-heading\"><strong><strong>Die 4 S\u00e4ulen des Behandlungansatzes von Integrative Cancer Care<\/strong><\/strong><\/h3>\n\n\n\n<p>Ein ganzheitlicher Ansatz in der Krebsbehandlung muss K\u00f6rper, Geist und Seele von Krebspatienten angemessen ber\u00fccksichtigen. Wir versuchen dabei auf die einzigartigen und vielschichtigen Bed\u00fcrfnisse des Betroffenen einzugehen. Die komplement\u00e4re Behandlung ist keine Alternative zur konventionellen Krebstherapie. Sie unterst\u00fctzt vielmehr Patienten, die sich einer konventionellen Behandlung unterziehen, dabei ihre Chancen auf einen Behandlungserfolg zu vergr\u00f6\u00dfern, Nebenwirkungen von toxischen Eingriffen zu lindern, die Funktion des Immunsystems wiederherzustellen und die Genesung zu verbessern.<\/p>\n\n\n\n<p>Komplement\u00e4re Therapien wie Hom\u00f6opathie, Akupunktur, Massagetherapie, Aromatherapie und Yoga \u2013 alle haben das Potenzial, die Symptome von Betroffenen zu lindern und Nebenwirkungen von toxischer Chemotherapie und Bestrahlung zu reduzieren und das allgemeine Wohlbefinden von Krebspatienten zu verbessern. Abh\u00e4ngig von der Krebsart, dem allgemeinen Gesundheitszustand, dem Lebensstil, der Genetik und den metabolischen Eigenschaften des einzelnen Patienten setzen wir verschiedene wirksame komplement\u00e4re Therapien ein.<\/p>\n\n\n\n<p>Das Pfeifer-Protokoll basiert auf vier S\u00e4ulen:<\/p>\n\n\n\n<ul class=\"wp-block-list\"><li>Direkte Abt\u00f6tung von Krebszellen durch spezifische Phytotherapie (pflanzliche Behandlung)<\/li><li>Entz\u00fcndungshemmung<\/li><li>Antioxidation<\/li><li>Wiederherstellung &amp; Modulation des Immunsystems<\/li><\/ul>\n\n\n\n<p>Je nach individuellem Bedarf des Patienten werden diese vier Behandlungss\u00e4ulen teilweise mit Enzymtherapie, Hyperthermie oder Fiebertherapie und Entgiftungsbehandlungen kombiniert, nicht zuletzt aber auch mit notwendigen Lebensstil- und Ern\u00e4hrungsumstellungen sowie gewisse Bewegungsprogramme und Psychotherapie. Onkologische Behandlungsma\u00dfnahmen k\u00f6nnen zudem von unseren Fach\u00e4rzten empfohlen werden.<\/p>\n\n\n\n<p>Die kombinierte Wirkung dieser komplement\u00e4ren Krebsbehandlungsmethoden kann genutzt werden, um die Wirksamkeit von Standard-Krebstherapien zu erh\u00f6hen. Zum Beispiel haben unsere pflanzlichen Behandlungsprotokolle mit Indol-3-Carbinol aus Kreuzbl\u00fctlergem\u00fcse, Artemisinin aus Artemisia annua, Epigallocatechingallat aus gr\u00fcnem Tee und Isoflavonen sowie verschiedenen Pflanzensterinen nachweislich die Wirksamkeit der Chemotherapie verbessert und zus\u00e4tzlich die Toleranzentwicklung gegen\u00fcber mehreren Chemotherapeutika reduziert. Gleichzeitig \u00fcben diese Phytotherapeutika signifikante krebshemmende Wirkungen aus, wirken als Antioxidantien und reduzieren entz\u00fcndliche Prozesse \u2013 all dies ist hilfreich, um die Funktion des Immunsystems des Patienten wiederherzustellen und die Nebenwirkungen toxischer konventioneller Krebstherapien zu reduzieren.<\/p>\n\n\n\n<p>\u00dcbelkeit, Erbrechen und Durchfall k\u00f6nnen durch Ingwer, Cannabinoide, Fenchel, Scutellaria baicalensis und andere Pflanzenextrakte, aber auch durch Akupunktur und hom\u00f6opathische Mittel wirksam unterdr\u00fcckt werden. Schmerzen und damit verbundene Angstzust\u00e4nde sowie Schlafst\u00f6rungen sprechen gut auf eine spezifische Phytotherapie (zum Beispiel Cannabidiol) und Melatonin an.<\/p>\n\n\n\n<p>Durch Chemotherapie induzierte Geschw\u00fcre im Mund (Mukositis) k\u00f6nnen erfolgreich mit \u00e4therischen \u00d6len aus Pfefferminze und Lavendel behandelt werden, die starke antimykotische Eigenschaften enthalten, die zur Beseitigung von oralen Hefepilzinfektionen beitragen. Hitzewallungen als Nebenwirkungen der Hormontherapie k\u00f6nnen mit Traubensilberkerze, Rotklee, Ginseng und Nachtkerzen\u00f6l gemildert werden.<\/p>\n\n\n\n<p>Mundtrockenheit nach Chemotherapie oder Bestrahlung von Kopf und Hals kann mit Biotene-Produkten in Kombination mit Kr\u00e4uterabkochungen aus der Traditionellen Chinesischen Medizin wie Shennongbaijie, Jiawei Zhang Ye und Sanganhuayin erfolgreich behandelt werden.<\/p>\n\n\n\n<p><\/p>\n","protected":false},"excerpt":{"rendered":"<p>Das Pfeifer-Protokoll \u2013 enth\u00e4lt eine Zusammenfassung ausgew\u00e4hlter Krebsbehandlungsprotokolle, die von Professor Ben Pfeifer, M.D., Ph.D. und einem Team international anerkannter Gesundheitsexperten und Forscher entwickelt und erfolgreich angewendet wurden.\u00a0 Dieses Protokoll [&hellip;]<\/p>\n","protected":false},"author":1,"featured_media":0,"parent":0,"menu_order":2,"comment_status":"closed","ping_status":"closed","template":"","meta":{"footnotes":""},"class_list":["post-1206","page","type-page","status-publish","hentry"],"yoast_head":"<!-- This site is optimized with the Yoast SEO Premium plugin v27.3 (Yoast SEO v27.3) - https:\/\/yoast.com\/product\/yoast-seo-premium-wordpress\/ -->\n<title>\u00dcber das Protokoll - Pfeifer Protokoll<\/title>\n<meta name=\"robots\" content=\"index, follow, max-snippet:-1, max-image-preview:large, max-video-preview:-1\" \/>\n<link rel=\"canonical\" href=\"https:\/\/www.pfeifer-protocol.com\/de\/ueber-das-protokoll\/\" \/>\n<meta property=\"og:locale\" content=\"de_DE\" \/>\n<meta property=\"og:type\" content=\"article\" \/>\n<meta property=\"og:title\" content=\"\u00dcber das Protokoll\" \/>\n<meta property=\"og:description\" content=\"Das Pfeifer-Protokoll \u2013 enth\u00e4lt eine Zusammenfassung ausgew\u00e4hlter Krebsbehandlungsprotokolle, die von Professor Ben Pfeifer, M.D., Ph.D. und einem Team international anerkannter Gesundheitsexperten und Forscher entwickelt und erfolgreich angewendet wurden.\u00a0 Dieses Protokoll [&hellip;]\" \/>\n<meta property=\"og:url\" content=\"https:\/\/www.pfeifer-protocol.com\/de\/ueber-das-protokoll\/\" \/>\n<meta property=\"og:site_name\" content=\"Pfeifer Protokoll\" \/>\n<meta property=\"article:modified_time\" content=\"2021-09-20T15:55:25+00:00\" \/>\n<meta name=\"twitter:card\" content=\"summary_large_image\" \/>\n<meta name=\"twitter:label1\" content=\"Gesch\u00e4tzte Lesezeit\" \/>\n\t<meta name=\"twitter:data1\" content=\"3\u00a0Minuten\" \/>\n<script type=\"application\/ld+json\" class=\"yoast-schema-graph\">{\"@context\":\"https:\\\/\\\/schema.org\",\"@graph\":[{\"@type\":\"Article\",\"@id\":\"https:\\\/\\\/www.pfeifer-protocol.com\\\/de\\\/ueber-das-protokoll\\\/#article\",\"isPartOf\":{\"@id\":\"https:\\\/\\\/www.pfeifer-protocol.com\\\/de\\\/ueber-das-protokoll\\\/\"},\"author\":{\"name\":\"Moderator\",\"@id\":\"https:\\\/\\\/www.pfeifer-protocol.com\\\/de\\\/#\\\/schema\\\/person\\\/6ed9c224c750ac99adf95fbee42d1176\"},\"headline\":\"\u00dcber das Protokoll\",\"datePublished\":\"2021-08-23T12:21:44+00:00\",\"dateModified\":\"2021-09-20T15:55:25+00:00\",\"mainEntityOfPage\":{\"@id\":\"https:\\\/\\\/www.pfeifer-protocol.com\\\/de\\\/ueber-das-protokoll\\\/\"},\"wordCount\":685,\"publisher\":{\"@id\":\"https:\\\/\\\/www.pfeifer-protocol.com\\\/de\\\/#\\\/schema\\\/person\\\/879d51b33cf494594deb30fbfad836b5\"},\"inLanguage\":\"de\"},{\"@type\":\"WebPage\",\"@id\":\"https:\\\/\\\/www.pfeifer-protocol.com\\\/de\\\/ueber-das-protokoll\\\/\",\"url\":\"https:\\\/\\\/www.pfeifer-protocol.com\\\/de\\\/ueber-das-protokoll\\\/\",\"name\":\"\u00dcber das Protokoll - Pfeifer Protokoll\",\"isPartOf\":{\"@id\":\"https:\\\/\\\/www.pfeifer-protocol.com\\\/de\\\/#website\"},\"datePublished\":\"2021-08-23T12:21:44+00:00\",\"dateModified\":\"2021-09-20T15:55:25+00:00\",\"breadcrumb\":{\"@id\":\"https:\\\/\\\/www.pfeifer-protocol.com\\\/de\\\/ueber-das-protokoll\\\/#breadcrumb\"},\"inLanguage\":\"de\",\"potentialAction\":[{\"@type\":\"ReadAction\",\"target\":[\"https:\\\/\\\/www.pfeifer-protocol.com\\\/de\\\/ueber-das-protokoll\\\/\"]}]},{\"@type\":\"BreadcrumbList\",\"@id\":\"https:\\\/\\\/www.pfeifer-protocol.com\\\/de\\\/ueber-das-protokoll\\\/#breadcrumb\",\"itemListElement\":[{\"@type\":\"ListItem\",\"position\":1,\"name\":\"Home\",\"item\":\"https:\\\/\\\/www.pfeifer-protocol.com\\\/de\\\/\"},{\"@type\":\"ListItem\",\"position\":2,\"name\":\"\u00dcber das Protokoll\"}]},{\"@type\":\"WebSite\",\"@id\":\"https:\\\/\\\/www.pfeifer-protocol.com\\\/de\\\/#website\",\"url\":\"https:\\\/\\\/www.pfeifer-protocol.com\\\/de\\\/\",\"name\":\"Pfeifer Protokoll\",\"description\":\"Erfolgreiche Kombination von konventioneller und komplement\u00e4rer Krebstherapie\",\"publisher\":{\"@id\":\"https:\\\/\\\/www.pfeifer-protocol.com\\\/de\\\/#\\\/schema\\\/person\\\/879d51b33cf494594deb30fbfad836b5\"},\"potentialAction\":[{\"@type\":\"SearchAction\",\"target\":{\"@type\":\"EntryPoint\",\"urlTemplate\":\"https:\\\/\\\/www.pfeifer-protocol.com\\\/de\\\/?s={search_term_string}\"},\"query-input\":{\"@type\":\"PropertyValueSpecification\",\"valueRequired\":true,\"valueName\":\"search_term_string\"}}],\"inLanguage\":\"de\"},{\"@type\":[\"Person\",\"Organization\"],\"@id\":\"https:\\\/\\\/www.pfeifer-protocol.com\\\/de\\\/#\\\/schema\\\/person\\\/879d51b33cf494594deb30fbfad836b5\",\"name\":\"BPF\",\"image\":{\"@type\":\"ImageObject\",\"inLanguage\":\"de\",\"@id\":\"https:\\\/\\\/www.pfeifer-protocol.com\\\/wp-content\\\/uploads\\\/2016\\\/01\\\/Logo.png\",\"url\":\"https:\\\/\\\/www.pfeifer-protocol.com\\\/wp-content\\\/uploads\\\/2016\\\/01\\\/Logo.png\",\"contentUrl\":\"https:\\\/\\\/www.pfeifer-protocol.com\\\/wp-content\\\/uploads\\\/2016\\\/01\\\/Logo.png\",\"width\":480,\"height\":96,\"caption\":\"BPF\"},\"logo\":{\"@id\":\"https:\\\/\\\/www.pfeifer-protocol.com\\\/wp-content\\\/uploads\\\/2016\\\/01\\\/Logo.png\"}},{\"@type\":\"Person\",\"@id\":\"https:\\\/\\\/www.pfeifer-protocol.com\\\/de\\\/#\\\/schema\\\/person\\\/6ed9c224c750ac99adf95fbee42d1176\",\"name\":\"Moderator\"}]}<\/script>\n<!-- \/ Yoast SEO Premium plugin. -->","yoast_head_json":{"title":"\u00dcber das Protokoll - Pfeifer Protokoll","robots":{"index":"index","follow":"follow","max-snippet":"max-snippet:-1","max-image-preview":"max-image-preview:large","max-video-preview":"max-video-preview:-1"},"canonical":"https:\/\/www.pfeifer-protocol.com\/de\/ueber-das-protokoll\/","og_locale":"de_DE","og_type":"article","og_title":"\u00dcber das Protokoll","og_description":"Das Pfeifer-Protokoll \u2013 enth\u00e4lt eine Zusammenfassung ausgew\u00e4hlter Krebsbehandlungsprotokolle, die von Professor Ben Pfeifer, M.D., Ph.D. und einem Team international anerkannter Gesundheitsexperten und Forscher entwickelt und erfolgreich angewendet wurden.\u00a0 Dieses Protokoll [&hellip;]","og_url":"https:\/\/www.pfeifer-protocol.com\/de\/ueber-das-protokoll\/","og_site_name":"Pfeifer Protokoll","article_modified_time":"2021-09-20T15:55:25+00:00","twitter_card":"summary_large_image","twitter_misc":{"Gesch\u00e4tzte Lesezeit":"3\u00a0Minuten"},"schema":{"@context":"https:\/\/schema.org","@graph":[{"@type":"Article","@id":"https:\/\/www.pfeifer-protocol.com\/de\/ueber-das-protokoll\/#article","isPartOf":{"@id":"https:\/\/www.pfeifer-protocol.com\/de\/ueber-das-protokoll\/"},"author":{"name":"Moderator","@id":"https:\/\/www.pfeifer-protocol.com\/de\/#\/schema\/person\/6ed9c224c750ac99adf95fbee42d1176"},"headline":"\u00dcber das Protokoll","datePublished":"2021-08-23T12:21:44+00:00","dateModified":"2021-09-20T15:55:25+00:00","mainEntityOfPage":{"@id":"https:\/\/www.pfeifer-protocol.com\/de\/ueber-das-protokoll\/"},"wordCount":685,"publisher":{"@id":"https:\/\/www.pfeifer-protocol.com\/de\/#\/schema\/person\/879d51b33cf494594deb30fbfad836b5"},"inLanguage":"de"},{"@type":"WebPage","@id":"https:\/\/www.pfeifer-protocol.com\/de\/ueber-das-protokoll\/","url":"https:\/\/www.pfeifer-protocol.com\/de\/ueber-das-protokoll\/","name":"\u00dcber das Protokoll - Pfeifer Protokoll","isPartOf":{"@id":"https:\/\/www.pfeifer-protocol.com\/de\/#website"},"datePublished":"2021-08-23T12:21:44+00:00","dateModified":"2021-09-20T15:55:25+00:00","breadcrumb":{"@id":"https:\/\/www.pfeifer-protocol.com\/de\/ueber-das-protokoll\/#breadcrumb"},"inLanguage":"de","potentialAction":[{"@type":"ReadAction","target":["https:\/\/www.pfeifer-protocol.com\/de\/ueber-das-protokoll\/"]}]},{"@type":"BreadcrumbList","@id":"https:\/\/www.pfeifer-protocol.com\/de\/ueber-das-protokoll\/#breadcrumb","itemListElement":[{"@type":"ListItem","position":1,"name":"Home","item":"https:\/\/www.pfeifer-protocol.com\/de\/"},{"@type":"ListItem","position":2,"name":"\u00dcber das Protokoll"}]},{"@type":"WebSite","@id":"https:\/\/www.pfeifer-protocol.com\/de\/#website","url":"https:\/\/www.pfeifer-protocol.com\/de\/","name":"Pfeifer Protokoll","description":"Erfolgreiche Kombination von konventioneller und komplement\u00e4rer Krebstherapie","publisher":{"@id":"https:\/\/www.pfeifer-protocol.com\/de\/#\/schema\/person\/879d51b33cf494594deb30fbfad836b5"},"potentialAction":[{"@type":"SearchAction","target":{"@type":"EntryPoint","urlTemplate":"https:\/\/www.pfeifer-protocol.com\/de\/?s={search_term_string}"},"query-input":{"@type":"PropertyValueSpecification","valueRequired":true,"valueName":"search_term_string"}}],"inLanguage":"de"},{"@type":["Person","Organization"],"@id":"https:\/\/www.pfeifer-protocol.com\/de\/#\/schema\/person\/879d51b33cf494594deb30fbfad836b5","name":"BPF","image":{"@type":"ImageObject","inLanguage":"de","@id":"https:\/\/www.pfeifer-protocol.com\/wp-content\/uploads\/2016\/01\/Logo.png","url":"https:\/\/www.pfeifer-protocol.com\/wp-content\/uploads\/2016\/01\/Logo.png","contentUrl":"https:\/\/www.pfeifer-protocol.com\/wp-content\/uploads\/2016\/01\/Logo.png","width":480,"height":96,"caption":"BPF"},"logo":{"@id":"https:\/\/www.pfeifer-protocol.com\/wp-content\/uploads\/2016\/01\/Logo.png"}},{"@type":"Person","@id":"https:\/\/www.pfeifer-protocol.com\/de\/#\/schema\/person\/6ed9c224c750ac99adf95fbee42d1176","name":"Moderator"}]}},"_links":{"self":[{"href":"https:\/\/www.pfeifer-protocol.com\/de\/wp-json\/wp\/v2\/pages\/1206","targetHints":{"allow":["GET"]}}],"collection":[{"href":"https:\/\/www.pfeifer-protocol.com\/de\/wp-json\/wp\/v2\/pages"}],"about":[{"href":"https:\/\/www.pfeifer-protocol.com\/de\/wp-json\/wp\/v2\/types\/page"}],"author":[{"embeddable":true,"href":"https:\/\/www.pfeifer-protocol.com\/de\/wp-json\/wp\/v2\/users\/1"}],"replies":[{"embeddable":true,"href":"https:\/\/www.pfeifer-protocol.com\/de\/wp-json\/wp\/v2\/comments?post=1206"}],"version-history":[{"count":3,"href":"https:\/\/www.pfeifer-protocol.com\/de\/wp-json\/wp\/v2\/pages\/1206\/revisions"}],"predecessor-version":[{"id":1354,"href":"https:\/\/www.pfeifer-protocol.com\/de\/wp-json\/wp\/v2\/pages\/1206\/revisions\/1354"}],"wp:attachment":[{"href":"https:\/\/www.pfeifer-protocol.com\/de\/wp-json\/wp\/v2\/media?parent=1206"}],"curies":[{"name":"wp","href":"https:\/\/api.w.org\/{rel}","templated":true}]}}